{"id":429,"date":"2019-01-29T15:15:38","date_gmt":"2019-01-29T15:15:38","guid":{"rendered":"https:\/\/raumfunktion.ch\/wordpress\/?page_id=429"},"modified":"2025-05-26T15:39:04","modified_gmt":"2025-05-26T13:39:04","slug":"home","status":"publish","type":"page","link":"https:\/\/designakustik.ch\/","title":{"rendered":"Home"},"content":{"rendered":"<div class=\"wpb-content-wrapper\"><p>[vc_row type=&#187;boxed&#187;][vc_column width=&#187;8\/12&#8243;][vc_column_text css=&#187;&#187;]<\/p>\n<h1>H&amp;F Designakustik.<\/h1>\n<h3>Perfekte Raumakustik verbunden mit einem hohen Designanspruch.<\/h3>\n<p>Mit den verschiedenen H&amp;F Akustikprodukten sind modernen gestalterischen Vorstellungen kaum Grenzen gesetzt.[\/vc_column_text][vc_empty_space height=&#187;50px&#187;][\/vc_column][vc_column width=&#187;4\/12&#8243;][\/vc_column][\/vc_row][vc_row type=&#187;boxed&#187;][vc_column][vc_gallery interval=&#187;3&#8243; images=&#187;681,680,684,689,685,686,687,683,688&#8243; img_size=&#187;1500 px&#187; onclick=&#187;img_link_large&#187; css_animation=&#187;none&#187; css=&#187;&#187;][\/vc_column][\/vc_row][vc_row][vc_column][vc_empty_space height=&#187;50px&#187;][\/vc_column][\/vc_row][vc_row type=&#187;boxed&#187;][vc_column width=&#187;1\/3&#8243;][vc_column_text css=&#187;&#187;]<\/p>\n<h4>LIGNO Akustik light.<\/h4>\n<p>Massiv und wertbest\u00e4ndig. In vielen Echtholzarten verf\u00fcgbar. Der nat\u00fcrliche Absorber ist direkt im Paneel integriert.[\/vc_column_text][\/vc_column][vc_column width=&#187;1\/3&#8243;][vc_column_text css=&#187;&#187;]<\/p>\n<h4>H&amp;F Akustik RF1.<\/h4>\n<p>Echtholzfurnierte Akustikpaneele passend zu LIGNO Akustik light. F\u00fcr R\u00e4ume mit der Anforderung RF1.[\/vc_column_text][\/vc_column][vc_column width=&#187;1\/3&#8243;][vc_column_text css=&#187;&#187;]<\/p>\n<h4>H&amp;F Polysorb + Polysoft.<\/h4>\n<p>Die rein thermisch gebundenen Polyester Akustikplatten \u00fcberzeugen: hochwirksam, eigenstabil, druckfest und leicht.[\/vc_column_text][\/vc_column][\/vc_row][vc_row][vc_column][vc_empty_space height=&#187;50px&#187;][\/vc_column][\/vc_row][vc_row][vc_column][vc_btn title=&#187;Weiter zu holzfunktion.ch&#187; size=&#187;lg&#187; align=&#187;center&#187; css=&#187;&#187; button_block=&#187;true&#187; link=&#187;url:https%3A%2F%2Fholzfunktion.ch%2FRaumakustik%2F&#187;][\/vc_column][\/vc_row]<\/p>\n<\/div>","protected":false},"excerpt":{"rendered":"<p>[vc_row type=&#187;boxed&#187;][vc_column width=&#187;8\/12&#8243;][vc_column_text css=&#187;&#187;] H&amp;F Designakustik. Perfekte Raumakustik verbunden mit einem hohen Designanspruch. Mit den verschiedenen H&amp;F Akustikprodukten sind modernen gestalterischen Vorstellungen kaum Grenzen gesetzt.[\/vc_column_text][vc_empty_space height=&#187;50px&#187;][\/vc_column][vc_column width=&#187;4\/12&#8243;][\/vc_column][\/vc_row][vc_row type=&#187;boxed&#187;][vc_column][vc_gallery interval=&#187;3&#8243; images=&#187;681,680,684,689,685,686,687,683,688&#8243; img_size=&#187;1500 px&#187; onclick=&#187;img_link_large&#187; css_animation=&#187;none&#187; css=&#187;&#187;][\/vc_column][\/vc_row][vc_row][vc_column][vc_empty_space height=&#187;50px&#187;][\/vc_column][\/vc_row][vc_row type=&#187;boxed&#187;][vc_column width=&#187;1\/3&#8243;][vc_column_text css=&#187;&#187;] LIGNO Akustik light. Massiv und wertbest\u00e4ndig. In vielen Echtholzarten verf\u00fcgbar. Der nat\u00fcrliche Absorber ist direkt im [&hellip;]<\/p>\n","protected":false},"author":2,"featured_media":0,"parent":0,"menu_order":1,"comment_status":"closed","ping_status":"closed","template":"","meta":{"footnotes":""},"class_list":["post-429","page","type-page","status-publish","hentry"],"_links":{"self":[{"href":"https:\/\/designakustik.ch\/index.php\/wp-json\/wp\/v2\/pages\/429","targetHints":{"allow":["GET"]}}],"collection":[{"href":"https:\/\/designakustik.ch\/index.php\/wp-json\/wp\/v2\/pages"}],"about":[{"href":"https:\/\/designakustik.ch\/index.php\/wp-json\/wp\/v2\/types\/page"}],"author":[{"embeddable":true,"href":"https:\/\/designakustik.ch\/index.php\/wp-json\/wp\/v2\/users\/2"}],"replies":[{"embeddable":true,"href":"https:\/\/designakustik.ch\/index.php\/wp-json\/wp\/v2\/comments?post=429"}],"version-history":[{"count":31,"href":"https:\/\/designakustik.ch\/index.php\/wp-json\/wp\/v2\/pages\/429\/revisions"}],"predecessor-version":[{"id":694,"href":"https:\/\/designakustik.ch\/index.php\/wp-json\/wp\/v2\/pages\/429\/revisions\/694"}],"wp:attachment":[{"href":"https:\/\/designakustik.ch\/index.php\/wp-json\/wp\/v2\/media?parent=429"}],"curies":[{"name":"wp","href":"https:\/\/api.w.org\/{rel}","templated":true}]}}